{"id":1808,"date":"2022-08-31T12:11:24","date_gmt":"2022-08-31T10:11:24","guid":{"rendered":"https:\/\/vitifit.de\/?page_id=1808"},"modified":"2025-07-18T14:15:27","modified_gmt":"2025-07-18T12:15:27","slug":"projektbeirat","status":"publish","type":"page","link":"https:\/\/vitifit.de\/en\/projektbeirat\/","title":{"rendered":"Project advisory board"},"content":{"rendered":"<ul class=\"wp-block-list\">\n<li><strong>Christian Bauer<\/strong> (Deutscher Weinbauverband e.V., Bonn; <a href=\"https:\/\/www.deutscher-weinbauverband.de\" target=\"_blank\" rel=\"noopener\">https:\/\/www.deutscher-weinbauverband.de<\/a>)<\/li>\n<li><strong>Prof. Dr. Beate Berkelmann-L\u00f6hnertz<\/strong> (ex Hochschule Geisenheim University, Institut f\u00fcr Phytomedizin; <a href=\"http:\/\/www.hs-geisenheim.de\/\" target=\"_blank\" rel=\"noreferrer noopener\">www.hs-geisenheim.de<\/a>)<\/li>\n<li><strong>Dr. Matthias Corvers<\/strong> \u00a0(Weingut Dr. Corvers-Kauter, Oestrich-Winkel, Rheingau; <a href=\"http:\/\/www.corvers-kauter.de\/\" target=\"_blank\" rel=\"noreferrer noopener\">www.corvers-kauter.de<\/a>)<\/li>\n<li><strong>Lutz van Elk<\/strong> (Referat 414, Bundesministerium f\u00fcr Ern\u00e4hrung, Landwirtschaft und Heimat, Bonn; <a href=\"https:\/\/www.bmelh.de\" target=\"_blank\" rel=\"noreferrer noopener\">www.bmelh.de<\/a>)<\/li>\n<li><strong>Dr. Christian Fischer<\/strong> (Referat VII 1, Hessisches Ministerium f\u00fcr Umwelt, Klimaschutz, Landwirtschaft und Verbraucherschutz, Wiesbaden; <a href=\"http:\/\/www.umwelt.hessen.de\" target=\"_blank\" rel=\"noreferrer noopener\">www.umwelt.hessen.de<\/a>)<\/li>\n<li><strong>Hansj\u00f6rg Hafner<\/strong> (S\u00fcdtiroler Beratungsring f\u00fcr Obst und Weinbau, Lana (BZ); <a href=\"https:\/\/www.beratungsring.org\" target=\"_blank\" rel=\"noreferrer noopener\">www.beratungsring.org<\/a>)<\/li>\n<li><strong>Dr. Uwe Hofmann<\/strong> (Berater und Sachverst\u00e4ndiger f\u00fcr Weinbau; <a href=\"http:\/\/www.uwe-hofmann.org\" target=\"_blank\" rel=\"noreferrer noopener\">www.uwe-hofmann.org<\/a>)<\/li>\n<li><strong>Prof. Dr. Randolf Kauer<\/strong> (ex Hochschule Geisenheim University, Institut f\u00fcr allgemeinen und \u00f6kologischen Weinbau; <a href=\"https:\/\/www.hs-geisenheim.de\/\">www.hs-geisenheim.de<\/a>)<\/li>\n<li><strong>Martin Ries<\/strong> (Ministerium f\u00fcr L\u00e4ndlichen Raum und Verbraucherschutz, Baden-W\u00fcrttemberg; <a href=\"https:\/\/mlr.baden-wuerttemberg.de\" target=\"_blank\" rel=\"noreferrer noopener\">www.mlr.baden-wuerttemberg.de<\/a>)<\/li>\n<li><strong>Martin Schmidt<\/strong> (Weingut Kiefer\/Schmidt, Eichstetten, Baden; <a href=\"https:\/\/www.weingutkiefer.de\/schmidt\/index.php\" target=\"_blank\" rel=\"noreferrer noopener\">www.weingutkiefer.de\/schmidt<\/a>)<\/li>\n<li><strong>Veronica Ullrich<\/strong> (Regierungspr\u00e4sidium Darmstadt &#8211; Wein-Dezernat Eltville; <a href=\"https:\/\/rp-darmstadt.hessen.de\/umwelt\/landwirtschaftfischereiweinbau\/weinbau\" target=\"_blank\" rel=\"noreferrer noopener\">www.rp-darmstadt.hessen.de<\/a>)<\/li>\n<li><strong>Dr. Eva Vollmer<\/strong> (Weingut Eva Vollmer, Mainz-Ebersheim, Rheinhessen; <a href=\"https:\/\/www.evavollmer-wein.de\" target=\"_blank\" rel=\"noreferrer noopener\">www.evavollmer-wein.de<\/a>)<\/li>\n<\/ul>\n","protected":false},"excerpt":{"rendered":"<p>Christian Bauer (Deutscher Weinbauverband e.V., Bonn; https:\/\/www.deutscher-weinbauverband.de) Prof. Dr. Beate Berkelmann-L\u00f6hnertz (ex Hochschule Geisenheim University, Institut f\u00fcr Phytomedizin; www.hs-geisenheim.de) Dr. Matthias Corvers \u00a0(Weingut Dr. Corvers-Kauter, Oestrich-Winkel, Rheingau; www.corvers-kauter.de) Lutz van Elk (Referat 414, Bundesministerium f\u00fcr Ern\u00e4hrung, Landwirtschaft und Heimat, Bonn; www.bmelh.de) Dr. Christian Fischer (Referat VII 1, Hessisches Ministerium f\u00fcr Umwelt, Klimaschutz, Landwirtschaft und Verbraucherschutz, [&hellip;]<\/p>\n","protected":false},"author":7,"featured_media":0,"parent":0,"menu_order":0,"comment_status":"closed","ping_status":"closed","template":"","meta":{"_acf_changed":false,"footnotes":""},"class_list":["post-1808","page","type-page","status-publish","hentry"],"acf":[],"_links":{"self":[{"href":"https:\/\/vitifit.de\/en\/wp-json\/wp\/v2\/pages\/1808","targetHints":{"allow":["GET"]}}],"collection":[{"href":"https:\/\/vitifit.de\/en\/wp-json\/wp\/v2\/pages"}],"about":[{"href":"https:\/\/vitifit.de\/en\/wp-json\/wp\/v2\/types\/page"}],"author":[{"embeddable":true,"href":"https:\/\/vitifit.de\/en\/wp-json\/wp\/v2\/users\/7"}],"replies":[{"embeddable":true,"href":"https:\/\/vitifit.de\/en\/wp-json\/wp\/v2\/comments?post=1808"}],"version-history":[{"count":12,"href":"https:\/\/vitifit.de\/en\/wp-json\/wp\/v2\/pages\/1808\/revisions"}],"predecessor-version":[{"id":2163,"href":"https:\/\/vitifit.de\/en\/wp-json\/wp\/v2\/pages\/1808\/revisions\/2163"}],"wp:attachment":[{"href":"https:\/\/vitifit.de\/en\/wp-json\/wp\/v2\/media?parent=1808"}],"curies":[{"name":"wp","href":"https:\/\/api.w.org\/{rel}","templated":true}]}}