{"id":1820,"date":"2022-08-31T12:20:26","date_gmt":"2022-08-31T10:20:26","guid":{"rendered":"https:\/\/vitifit.de\/?page_id=1820"},"modified":"2025-07-18T10:47:32","modified_gmt":"2025-07-18T08:47:32","slug":"projektkoordination","status":"publish","type":"page","link":"https:\/\/vitifit.de\/fr\/projektkoordination\/","title":{"rendered":"Coordination de projet"},"content":{"rendered":"\n<p><\/p>\n\n\n\n<p><strong>Coordination g\u00e9n\u00e9rale de projet:<\/strong><\/p>\n\n\n\n<p><br><a href=\"https:\/\/wbi.landwirtschaft-bw.de\/,Lde\/Startseite\" data-type=\"link\" data-id=\"https:\/\/wbi.landwirtschaft-bw.de\/,Lde\/Startseite\" target=\"_blank\" rel=\"noreferrer noopener\">Staatliches Weinbauinstitut Freiburg<\/a><br>Merzhauser Stra\u00dfe 119<br>79100 Freiburg im Breisgau<\/p>\n\n\n\n<p><\/p>\n\n\n\n<p>Dr. Ren\u00e9 Fuchs<br>Tel.: +49 761 40165-1101<br>E-Mail: Rene.Fuchs@wbi.bwl.de<\/p>\n\n\n\n<p><\/p>\n\n\n\n<p>Dr. Stefan Schumacher (Adjoint)<br>Tel.: +49 761 40165-1404<br>E-Mail: Stefan.Schumacher@wbi.bwl.de<\/p>\n\n\n\n<p><\/p>\n\n\n\n<p>Dr. Katharina Zug (Projektmanagerin)<br>Tel.: +49 761 40165-1409<br>E-Mail: Katharina.Zug@wbi-bwl.de<\/p>\n\n\n\n<p><\/p>\n\n\n\n<figure class=\"wp-block-image size-full is-resized\"><a href=\"https:\/\/wbi.landwirtschaft-bw.de\/,Lde\/Startseite\" target=\"_blank\" rel=\"noreferrer noopener\"><img decoding=\"async\" width=\"1000\" height=\"667\" src=\"https:\/\/vitifit.de\/wp-content\/uploads\/2020\/05\/vitifit-05-wbi-2-1000x667-1.png\" alt=\"\" class=\"wp-image-527\" style=\"width:382px;height:auto\" srcset=\"https:\/\/vitifit.de\/wp-content\/uploads\/2020\/05\/vitifit-05-wbi-2-1000x667-1.png 1000w, https:\/\/vitifit.de\/wp-content\/uploads\/2020\/05\/vitifit-05-wbi-2-1000x667-1-300x200.png 300w, https:\/\/vitifit.de\/wp-content\/uploads\/2020\/05\/vitifit-05-wbi-2-1000x667-1-768x512.png 768w\" sizes=\"(max-width: 1000px) 100vw, 1000px\" \/><\/a><\/figure>\n\n\n\n<p>-&gt; mehr zur <a rel=\"noreferrer noopener\" href=\"https:\/\/vitifit.de\/news-intern\/vitifit-leitung-das-team-der-hgu\/\" target=\"_blank\">V<\/a><a rel=\"noreferrer noopener\" href=\"https:\/\/vitifit.de\/news-intern\/vitifit-leitung-das-team-der-hgu\/\" target=\"_blank\">I<\/a><a rel=\"noreferrer noopener\" href=\"https:\/\/vitifit.de\/news-intern\/vitifit-leitung-das-team-der-hgu\/\" target=\"_blank\">TI<\/a><a rel=\"noreferrer noopener\" href=\"https:\/\/vitifit.de\/news-intern\/vitifit-leitung-das-team-der-hgu\/\" target=\"_blank\">F<\/a><a rel=\"noreferrer noopener\" href=\"https:\/\/vitifit.de\/news-intern\/vitifit-leitung-das-team-der-hgu\/\" target=\"_blank\">I<\/a><a rel=\"noreferrer noopener\" href=\"https:\/\/vitifit.de\/news-intern\/vitifit-leitung-das-team-der-hgu\/\" target=\"_blank\">T<\/a><a rel=\"noreferrer noopener\" href=\"https:\/\/vitifit.de\/news-intern\/vitifit-leitung-das-team-der-hgu\/\" target=\"_blank\">&#8211;<\/a><a rel=\"noreferrer noopener\" href=\"https:\/\/vitifit.de\/news-intern\/vitifit-leitung-das-team-der-hgu\/\" target=\"_blank\">K<\/a><a rel=\"noreferrer noopener\" href=\"https:\/\/vitifit.de\/news-intern\/vitifit-leitung-das-team-der-hgu\/\" target=\"_blank\">oordination<\/a><\/p>\n","protected":false},"excerpt":{"rendered":"<p>Coordination g\u00e9n\u00e9rale de projet: Staatliches Weinbauinstitut FreiburgMerzhauser Stra\u00dfe 11979100 Freiburg im Breisgau Dr. Ren\u00e9 FuchsTel.: +49 761 40165-1101E-Mail: Rene.Fuchs@wbi.bwl.de Dr. Stefan Schumacher (Adjoint)Tel.: +49 761 40165-1404E-Mail: Stefan.Schumacher@wbi.bwl.de Dr. Katharina Zug (Projektmanagerin)Tel.: +49 761 40165-1409E-Mail: Katharina.Zug@wbi-bwl.de -&gt; mehr zur VITIFIT&#8211;Koordination<\/p>\n","protected":false},"author":7,"featured_media":0,"parent":0,"menu_order":0,"comment_status":"closed","ping_status":"closed","template":"","meta":{"_acf_changed":false,"footnotes":""},"class_list":["post-1820","page","type-page","status-publish","hentry"],"acf":[],"_links":{"self":[{"href":"https:\/\/vitifit.de\/fr\/wp-json\/wp\/v2\/pages\/1820","targetHints":{"allow":["GET"]}}],"collection":[{"href":"https:\/\/vitifit.de\/fr\/wp-json\/wp\/v2\/pages"}],"about":[{"href":"https:\/\/vitifit.de\/fr\/wp-json\/wp\/v2\/types\/page"}],"author":[{"embeddable":true,"href":"https:\/\/vitifit.de\/fr\/wp-json\/wp\/v2\/users\/7"}],"replies":[{"embeddable":true,"href":"https:\/\/vitifit.de\/fr\/wp-json\/wp\/v2\/comments?post=1820"}],"version-history":[{"count":6,"href":"https:\/\/vitifit.de\/fr\/wp-json\/wp\/v2\/pages\/1820\/revisions"}],"predecessor-version":[{"id":2124,"href":"https:\/\/vitifit.de\/fr\/wp-json\/wp\/v2\/pages\/1820\/revisions\/2124"}],"wp:attachment":[{"href":"https:\/\/vitifit.de\/fr\/wp-json\/wp\/v2\/media?parent=1820"}],"curies":[{"name":"wp","href":"https:\/\/api.w.org\/{rel}","templated":true}]}}