{"id":702,"date":"2020-06-09T13:01:17","date_gmt":"2020-06-09T11:01:17","guid":{"rendered":"https:\/\/vitifit.de\/?page_id=702"},"modified":"2025-07-18T11:23:52","modified_gmt":"2025-07-18T09:23:52","slug":"ensemble-contre-le-mildiou","status":"publish","type":"page","link":"https:\/\/vitifit.de\/fr\/ensemble-contre-le-mildiou\/","title":{"rendered":"Ensemble contre le mildiou"},"content":{"rendered":"\n<p>Dans le cadre du projet de recherche pratique VITIFIT, nous proposons des \u00e9v\u00e9nements, des ateliers et des r\u00e9unions sur les diff\u00e9rents th\u00e8mes. Vous souhaitez participer activement ou apporter vos connaissances? Rejoignez le r\u00e9seau VITIFIT!<\/p>\n\n\n\n<p>En tant que membre du r\u00e9seau VITIFIT, vous recevrez des informations actuelles sur le projet, des invitations \u00e0 des \u00e9v\u00e9nements et des dates autour du projet.<\/p>\n\n\n\n<p>Les membres du r\u00e9seau VITIFIT ont \u00e9galement la possibilit\u00e9 de participer \u00e0 divers s\u00e9minaires internes VITIFIT et \u00e0 des cours de formation continue sur la protection des cultures. Nous serions heureux de vous informer sur notre offre et les possibilit\u00e9s de participation. <\/p>\n","protected":false},"excerpt":{"rendered":"<p>Dans le cadre du projet de recherche pratique VITIFIT, nous proposons des \u00e9v\u00e9nements, des ateliers et des r\u00e9unions sur les diff\u00e9rents th\u00e8mes. Vous souhaitez participer activement ou apporter vos connaissances? Rejoignez le r\u00e9seau VITIFIT! En tant que membre du r\u00e9seau VITIFIT, vous recevrez des informations actuelles sur le projet, des invitations \u00e0 des \u00e9v\u00e9nements et [&hellip;]<\/p>\n","protected":false},"author":7,"featured_media":0,"parent":0,"menu_order":0,"comment_status":"closed","ping_status":"closed","template":"template-participate.php","meta":{"_acf_changed":false,"footnotes":""},"class_list":["post-702","page","type-page","status-publish","hentry"],"acf":[],"_links":{"self":[{"href":"https:\/\/vitifit.de\/fr\/wp-json\/wp\/v2\/pages\/702","targetHints":{"allow":["GET"]}}],"collection":[{"href":"https:\/\/vitifit.de\/fr\/wp-json\/wp\/v2\/pages"}],"about":[{"href":"https:\/\/vitifit.de\/fr\/wp-json\/wp\/v2\/types\/page"}],"author":[{"embeddable":true,"href":"https:\/\/vitifit.de\/fr\/wp-json\/wp\/v2\/users\/7"}],"replies":[{"embeddable":true,"href":"https:\/\/vitifit.de\/fr\/wp-json\/wp\/v2\/comments?post=702"}],"version-history":[{"count":2,"href":"https:\/\/vitifit.de\/fr\/wp-json\/wp\/v2\/pages\/702\/revisions"}],"predecessor-version":[{"id":766,"href":"https:\/\/vitifit.de\/fr\/wp-json\/wp\/v2\/pages\/702\/revisions\/766"}],"wp:attachment":[{"href":"https:\/\/vitifit.de\/fr\/wp-json\/wp\/v2\/media?parent=702"}],"curies":[{"name":"wp","href":"https:\/\/api.w.org\/{rel}","templated":true}]}}