{"id":795,"date":"2020-06-10T12:39:39","date_gmt":"2020-06-10T10:39:39","guid":{"rendered":"https:\/\/vitifit.de\/?page_id=795"},"modified":"2025-07-09T14:09:20","modified_gmt":"2025-07-09T12:09:20","slug":"mentions-legales","status":"publish","type":"page","link":"https:\/\/vitifit.de\/fr\/mentions-legales\/","title":{"rendered":"Mentions l\u00e9gales"},"content":{"rendered":"<h2>Informations selon le \u00a7 5 TMG<\/h2>\n<p>Dienstleistungszentrum L\u00e4ndlicher Raum (DLR) \u2013 Rheinpfalz<br \/>Institut f\u00fcr Weinbau &amp; Oenologie<br \/>Dienststellenleiter: Dr. Andreas Kortekamp<br \/>Breitenweg 71<br \/>D-67435 Neustadt an der Weinstra\u00dfe<\/p>\n<h2>Contact<\/h2>\n<p>Telefon: +49 (0) 6321 671-0<br \/>Telefax: +49 (0) 6321 671-222<br \/>E-Mail: <a href=\"mailto:DLR-Rheinpfalz@dlr.rlp.de\">DLR-Rheinpfalz@dlr.rlp.de<\/a><br \/>Website: <a href=\"https:\/\/www.dlr-rheinpfalz.rlp.de\/\" target=\"_blank\" rel=\"noopener noreferrer\">www.dlr-rheinpfalz.rlp.de<\/a><\/p>\n<h2>Responsable de la protection des donn\u00e9es:<\/h2>\n<p>Dr. Martin M\u00f6ndel<br \/>Telefon: +49 (0) 6321-671-496<br \/>E-Mail: <a href=\"mailto:martin.moendel@dlr.rlp.de\" target=\"_blank\" rel=\"noopener\">martin.moendel@dlr.rlp.de<\/a><\/p>\n<h2>Responsabilit\u00e9 du contenu<\/h2>\n<p>En tant que prestataire de services, nous sommes responsables de nos propres contenus sur ces pages, conform\u00e9ment \u00e0 l&rsquo;article 7, paragraphe 1, de la loi allemande sur les t\u00e9l\u00e9m\u00e9dias (TMG) et aux lois g\u00e9n\u00e9rales. Conform\u00e9ment aux articles 8 \u00e0 10 de la TMG, nous ne sommes pas tenus de surveiller les informations transmises ou stock\u00e9es par des tiers ni d&rsquo;enqu\u00eater sur les circonstances qui indiquent une activit\u00e9 ill\u00e9gale.<\/p>\n<p>Les obligations de supprimer ou de bloquer l&rsquo;utilisation des informations conform\u00e9ment aux lois g\u00e9n\u00e9rales restent inchang\u00e9es. Toutefois, la responsabilit\u00e9 \u00e0 cet \u00e9gard n&rsquo;est possible qu&rsquo;\u00e0 partir du moment o\u00f9 l&rsquo;on a connaissance d&rsquo;une infraction concr\u00e8te. Si nous avons connaissance de telles infractions \u00e0 la loi, nous supprimerons imm\u00e9diatement ces contenus.<\/p>\n<h3>Responsabilit\u00e9 des liens<\/h3>\n<p>Notre offre contient des liens vers des sites web externes de tiers, sur le contenu desquels nous n&rsquo;avons aucune influence. C&rsquo;est pourquoi nous ne pouvons assumer aucune responsabilit\u00e9 pour ces contenus externes. Le fournisseur ou l&rsquo;exploitant de ces sites est toujours responsable du contenu des sites li\u00e9s. Les pages li\u00e9es ont \u00e9t\u00e9 v\u00e9rifi\u00e9es au moment de la mise en place du lien afin de d\u00e9tecter d&rsquo;\u00e9ventuelles violations de la loi. Les contenus ill\u00e9gaux n&rsquo;ont pas \u00e9t\u00e9 identifi\u00e9s au moment de la cr\u00e9ation du lien.<\/p>\n<p>Toutefois, un contr\u00f4le permanent du contenu des pages li\u00e9es n&rsquo;est pas raisonnable sans preuve concr\u00e8te d&rsquo;une violation de la loi. Si nous avons connaissance d&rsquo;infractions, nous supprimerons imm\u00e9diatement ces liens<\/p>\n<h3>Droit d&rsquo;auteur<\/h3>\n<p>Les contenus et les \u0153uvres de ces pages cr\u00e9\u00e9s par les op\u00e9rateurs du site sont soumis \u00e0 la loi allemande sur le droit d&rsquo;auteur. La reproduction, l&rsquo;\u00e9dition, la distribution et tout type d&rsquo;utilisation en dehors des limites du droit d&rsquo;auteur n\u00e9cessitent le consentement \u00e9crit de l&rsquo;auteur ou du cr\u00e9ateur respectif. Les t\u00e9l\u00e9chargements et les copies de ces pages ne sont autoris\u00e9s que pour un usage priv\u00e9 et non commercial.<\/p>\n<p>Dans la mesure o\u00f9 le contenu de ce site n&rsquo;a pas \u00e9t\u00e9 cr\u00e9\u00e9 par l&rsquo;op\u00e9rateur, les droits d&rsquo;auteur de tiers sont respect\u00e9s. En particulier, les contenus de tiers sont identifi\u00e9s comme tels. Si vous avez n\u00e9anmoins connaissance d&rsquo;une violation du droit d&rsquo;auteur, veuillez nous en informer. Si nous avons connaissance d&rsquo;une infraction, nous retirerons imm\u00e9diatement ces contenus.<\/p>\n<p>Source: <a href=\"https:\/\/www.e-recht24.de\">https:\/\/www.e-recht24.de<\/a><\/p>\n<h2>\u00a0<\/h2>\n<h2>Conception et r\u00e9alisation<\/h2>\n<p>magma design studio, Karlsruhe<br \/><a href=\"https:\/\/magmadesignstudio.de\" target=\"_blank\" rel=\"noopener noreferrer\">magmadesignstudio.de<\/a><br \/><a href=\"mailto:info@magmadesignstudio.de\">info@magmadesignstudio.de<\/a><\/p>\n<h2>\u00a0<\/h2>\n<h2>Cr\u00e9dits photos<\/h2>\n<p class=\"p1\"><span class=\"s1\"><a href=\"https:\/\/vitifit.de\/wp-content\/uploads\/2020\/03\/vitifit-sporangientrager-versuch-dlr-2008-1003x.jpg\" target=\"_blank\" rel=\"noopener noreferrer\">Erreger des Falschen Mehltaus <i>(Plasmopara viticola)<\/i>, DLR Rheinpfalz<\/a><br \/><a href=\"https:\/\/vitifit.de\/wp-content\/uploads\/2020\/03\/vitifit-rz-weinberg.jpg\" target=\"_blank\" rel=\"noopener noreferrer\">Weinrebe mit Gescheinen und Bl\u00e4ttern im Entwicklungsstadium 57-59, Weingut Schwarztrauber<\/a><br \/><\/span><a href=\"https:\/\/vitifit.de\/wp-content\/uploads\/2020\/02\/vitifit-tb-a-pero-beeren-kontrolle-baden-6-web.jpg\" target=\"_blank\" rel=\"noopener noreferrer\">Befall junger Beeren mit dem Falschen Mehltau <em>(Plasmopara viticola),<\/em> DLR-Rheinpfalz<\/a><br \/><a href=\"https:\/\/vitifit.de\/wp-content\/uploads\/2020\/03\/vitifit-tb-b-schandelmaier-023-bearb-scaled.jpg\" target=\"_blank\" rel=\"noopener noreferrer\">Sensorische Pr\u00fcfung von Weinen aus neuen Rebsorten, DLR-Rheinpfalz<\/a><br \/><a href=\"https:\/\/vitifit.de\/wp-content\/uploads\/2020\/02\/vitifit-tb-c-wbi-wetterstation-gottenheim-7-web-scaled.jpg\" target=\"_blank\" rel=\"noopener noreferrer\">Installierte Wetterstation in den Weinbergen, WBI Freiburg<\/a><br \/><a href=\"https:\/\/vitifit.de\/wp-content\/uploads\/2020\/02\/vitifit-tb-d-img-3258-web-scaled.jpg\" target=\"_blank\" rel=\"noopener noreferrer\">Erarbeitung von Strukturen zum Wissenstransfer, DLR-Rheinpfalz<\/a><\/p>\n\n\n<p><\/p>\n","protected":false},"excerpt":{"rendered":"<p>Informations selon le \u00a7 5 TMG Dienstleistungszentrum L\u00e4ndlicher Raum (DLR) \u2013 RheinpfalzInstitut f\u00fcr Weinbau &amp; OenologieDienststellenleiter: Dr. Andreas KortekampBreitenweg 71D-67435 Neustadt an der Weinstra\u00dfe Contact Telefon: +49 (0) 6321 671-0Telefax: +49 (0) 6321 671-222E-Mail: DLR-Rheinpfalz@dlr.rlp.deWebsite: www.dlr-rheinpfalz.rlp.de Responsable de la protection des donn\u00e9es: Dr. Martin M\u00f6ndelTelefon: +49 (0) 6321-671-496E-Mail: martin.moendel@dlr.rlp.de Responsabilit\u00e9 du contenu En tant que [&hellip;]<\/p>\n","protected":false},"author":7,"featured_media":0,"parent":0,"menu_order":0,"comment_status":"closed","ping_status":"closed","template":"template-imprint.php","meta":{"_acf_changed":false,"footnotes":""},"class_list":["post-795","page","type-page","status-publish","hentry"],"acf":[],"_links":{"self":[{"href":"https:\/\/vitifit.de\/fr\/wp-json\/wp\/v2\/pages\/795","targetHints":{"allow":["GET"]}}],"collection":[{"href":"https:\/\/vitifit.de\/fr\/wp-json\/wp\/v2\/pages"}],"about":[{"href":"https:\/\/vitifit.de\/fr\/wp-json\/wp\/v2\/types\/page"}],"author":[{"embeddable":true,"href":"https:\/\/vitifit.de\/fr\/wp-json\/wp\/v2\/users\/7"}],"replies":[{"embeddable":true,"href":"https:\/\/vitifit.de\/fr\/wp-json\/wp\/v2\/comments?post=795"}],"version-history":[{"count":6,"href":"https:\/\/vitifit.de\/fr\/wp-json\/wp\/v2\/pages\/795\/revisions"}],"predecessor-version":[{"id":2095,"href":"https:\/\/vitifit.de\/fr\/wp-json\/wp\/v2\/pages\/795\/revisions\/2095"}],"wp:attachment":[{"href":"https:\/\/vitifit.de\/fr\/wp-json\/wp\/v2\/media?parent=795"}],"curies":[{"name":"wp","href":"https:\/\/api.w.org\/{rel}","templated":true}]}}