{"id":814,"date":"2020-06-10T13:14:55","date_gmt":"2020-06-10T11:14:55","guid":{"rendered":"https:\/\/vitifit.de\/?page_id=814"},"modified":"2025-07-09T14:12:48","modified_gmt":"2025-07-09T12:12:48","slug":"declaration-de-confidentialite","status":"publish","type":"page","link":"https:\/\/vitifit.de\/fr\/declaration-de-confidentialite\/","title":{"rendered":"Politique de confidentialit\u00e9"},"content":{"rendered":"\n<p>(Etat en julliet 2025)<\/p>\n\n\n\n<p>Nous vous remercions de votre visite sur notre site web et de l&rsquo;int\u00e9r\u00eat que vous portez \u00e0 nos informations. La protection de vos donn\u00e9es personnelles lors du traitement de votre visite sur nos pages est une pr\u00e9occupation importante pour nous et nous voulons que vous vous sentiez en s\u00e9curit\u00e9 ici.<br>Le projet joint VITIFIT rassemble pour la premi\u00e8re fois tous les  principaux instituts de recherche allemands impliqu\u00e9s dans la  viticulture pour former un r\u00e9seau commun de comp\u00e9tence et de recherche  pour la lutte contre la peronospora de la vigne (mildiou), afin de  d\u00e9velopper des strat\u00e9gies pratiques pour la viticulture biologique en  collaboration avec des associations, des praticiens et des consultants. <br>En rassemblant toutes les comp\u00e9tences, en cr\u00e9ant des r\u00e9seaux et en  assurant un \u00e9change continu, il est pr\u00e9vu de cr\u00e9er une plate-forme \u00e0  laquelle toutes les entreprises int\u00e9ress\u00e9es ont acc\u00e8s afin d&rsquo;obtenir les  derniers r\u00e9sultats de la recherche, d&rsquo;obtenir des conseils et de  pouvoir participer activement au processus de recherche. Une importance  particuli\u00e8re est donc accord\u00e9e au transfert de connaissances et \u00e0 la  communication entre les diff\u00e9rents acteurs. <br>Dans ce qui suit, nous expliquons quelles informations nous recueillons  lors de votre visite sur notre site web et comment ces informations sont  utilis\u00e9es.  <\/p>\n\n\n\n<h2 class=\"wp-block-heading display-3\">Responsabilit\u00e9s<\/h2>\n\n\n\n<h3 class=\"wp-block-heading display-4\">Nom et adresse du responsable <\/h3>\n\n\n\n<p>La personne responsable en ce qui concerne le r\u00e8glement de base sur la protection des donn\u00e9es et les autres lois nationales sur la protection des donn\u00e9es des \u00c9tats membres ainsi que les autres r\u00e8glements sur la protection des donn\u00e9es est le chef du DLR Rheinpfalz :<\/p>\n\n\n\n<p>Dr. Andreas Kortekamp<br>Dienstleistungszentrum L\u00e4ndlicher Raum Rheinpfalz<br>Breitenweg 71<br>D-67435 Neustadt<br>E-Mail: <a href=\"mailto:dlr-rheinpfalz@dlr.rlp.de\">dlr-rheinpfalz@dlr.rlp.de<\/a><\/p>\n\n\n\n<h3 class=\"wp-block-heading display-4\">Nom et adresse des d\u00e9l\u00e9gu\u00e9s \u00e0 la protection des donn\u00e9es:<\/h3>\n\n\n\n<p>Dr. Martin M\u00f6ndel<br>Tel.-Nr.: 06321-671-496<br>E-Mail: <a href=\"mailto:martin.moendel@dlr.rlp.de\" target=\"_blank\" rel=\"noreferrer noopener\">martin.moendel@dlr.rlp.de<\/a><\/p>\n\n\n\n<p>La responsabilit\u00e9 \u00e9ditoriale incombe aux auteurs. Le DLR est responsable du traitement des donn\u00e9es personnelles collect\u00e9es. <\/p>\n\n\n\n<h2 class=\"wp-block-heading display-3\">Collecte et traitement des donn\u00e9es \u00e0 caract\u00e8re personnel<\/h2>\n\n\n\n<h3 class=\"wp-block-heading display-4\">Informations g\u00e9n\u00e9rales<\/h3>\n\n\n\n<p>Les op\u00e9rateurs de ces pages prennent tr\u00e8s au s\u00e9rieux la protection de vos donn\u00e9es personnelles. Nous traitons vos donn\u00e9es personnelles de mani\u00e8re confidentielle et conform\u00e9ment aux dispositions l\u00e9gales en mati\u00e8re de protection des donn\u00e9es et \u00e0 la pr\u00e9sente d\u00e9claration de protection des donn\u00e9es. Lorsque vous utilisez ce site web, diverses donn\u00e9es personnelles sont recueillies. Les donn\u00e9es \u00e0 caract\u00e8re personnel sont des donn\u00e9es avec lesquelles vous pouvez \u00eatre personnellement identifi\u00e9. Cette politique de confidentialit\u00e9 explique quelles donn\u00e9es nous recueillons et \u00e0 quelles fins nous les utilisons. Il explique \u00e9galement comment cela se fait et dans quel but.<\/p>\n\n\n\n<h3 class=\"wp-block-heading display-4\">Site web<\/h3>\n\n\n\n<p>Lorsque vous visitez notre site web, les serveurs web enregistrent temporairement les donn\u00e9es de connexion de l&rsquo;ordinateur demandeur, les pages web que vous visitez sur notre site, la date et la dur\u00e9e de votre visite, les donn\u00e9es d&rsquo;identification du navigateur et du type de syst\u00e8me d&rsquo;exploitation utilis\u00e9s et le site web \u00e0 partir duquel vous nous visitez, en tant que norme pour la s\u00e9curit\u00e9 du syst\u00e8me. Les informations personnelles suppl\u00e9mentaires telles que votre nom, votre adresse, votre num\u00e9ro de t\u00e9l\u00e9phone ou votre adresse \u00e9lectronique ne sont pas collect\u00e9es, sauf si vous les fournissez volontairement, par exemple lors de l&rsquo;inscription \u00e0 un \u00e9v\u00e9nement, de la commande de mat\u00e9riel d&rsquo;information, d&rsquo;une lettre d&rsquo;information, d&rsquo;une enqu\u00eate, d&rsquo;un concours, pour ex\u00e9cuter un contrat ou une demande d&rsquo;information. <\/p>\n\n\n\n<h3 class=\"wp-block-heading display-4\">Newsletter<\/h3>\n\n\n\n<p>Lorsque vous vous inscrivez \u00e0 la newsletter, les donn\u00e9es suivantes (ci-apr\u00e8s d\u00e9nomm\u00e9es \u00ab\u00a0la finalit\u00e9\u00a0\u00bb) sont collect\u00e9es : <\/p>\n\n\n\n<ul class=\"wp-block-list\">\n<li><em>Pr\u00e9nom<\/em>: Cr\u00e9ation du profil d&rsquo;utilisateur<\/li>\n\n\n\n<li><em>Nom<\/em>: Cr\u00e9ation du profil d&rsquo;utilisateur<\/li>\n\n\n\n<li><em>Adresse \u00e9lectronique<\/em>: Communication des nouvelles dans l&rsquo;offre correspondante ; contact avec l&rsquo;\u00e9diteur de la newsletter.<\/li>\n<\/ul>\n\n\n\n<h3 class=\"wp-block-heading display-4\">Forum VITIFIT<\/h3>\n\n\n\n<p>Lorsque vous vous inscrivez au forum VITIFIT, les donn\u00e9es suivantes (ci-apr\u00e8s d\u00e9nomm\u00e9es \u00ab\u00a0finalit\u00e9\u00a0\u00bb) sont collect\u00e9es :<\/p>\n\n\n\n<ul class=\"wp-block-list\">\n<li><em>Photo de profil (facultatif)<\/em>: individualisation de votre profil d&rsquo;utilisateur. La photo de profil est visible lorsqu&rsquo;un commentaire est soumis.<\/li>\n\n\n\n<li><em>Salutation (volontaire)<\/em>: individualisation de votre profil d&rsquo;utilisateur.<\/li>\n\n\n\n<li><em>Pr\u00e9nom\/nom (obligatoire)<\/em>: Cr\u00e9ation du profil de l&rsquo;utilisateur.<\/li>\n\n\n\n<li><em>Activit\u00e9 (volontaire)<\/em> : individualisation de votre profil d&rsquo;utilisateur.<\/li>\n\n\n\n<li><em>Contact public (volontaire)<\/em>: individualisation de votre profil d&rsquo;utilisateur. Les coordonn\u00e9es donn\u00e9es (t\u00e9l\u00e9phone\/mobile\/fax\/e-mail\/autre) sont accessibles au public sur le forum.<\/li>\n\n\n\n<li><em>Adresse (facultatif)<\/em>: Individualisation de votre profil d&rsquo;utilisateur. Les informations fournies sont accessibles au public dans le cadre du forum. Les donn\u00e9es d&rsquo;adresse se composent de : Rue, num\u00e9ro de maison, d\u00e9tail de la rue, code postal, ville, r\u00e9gion, pays.<\/li>\n\n\n\n<li><em>Adresse \u00e9lectronique (obligatoire)<\/em>: coordonn\u00e9es de l&rsquo;op\u00e9rateur du forum, informations sur les changements et les nouveaut\u00e9s. <\/li>\n<\/ul>\n\n\n\n<h3 class=\"wp-block-heading display-4\">Fonction de commentaire<\/h3>\n\n\n\n<p>Pour la fonction de commentaire de cette page, en plus de votre commentaire, des informations sur l&rsquo;heure de cr\u00e9ation du commentaire, votre adresse \u00e9lectronique et, si vous ne postez pas anonymement, le nom d&rsquo;utilisateur que vous avez choisi sont enregistr\u00e9s. <\/p>\n\n\n\n<ul class=\"wp-block-list\">\n<li><strong>Stockage de l&rsquo;adresse IP<\/strong> <br>Notre fonction de commentaire ne stocke pas les adresses IP. L&rsquo;identification est garantie par des cookies de session. <\/li>\n\n\n\n<li><strong>Dur\u00e9e de conservation des observations<\/strong> <br>Les commentaires et les donn\u00e9es associ\u00e9es (par exemple, l&rsquo;adresse IP) sont stock\u00e9s et restent sur notre site web jusqu&rsquo;\u00e0 ce que le contenu comment\u00e9 soit compl\u00e8tement supprim\u00e9 ou que les commentaires doivent \u00eatre supprim\u00e9s pour des raisons juridiques. (par exemple, des commentaires insultants).<\/li>\n\n\n\n<li><strong>Base juridique Commentaires <\/strong><br>L&rsquo;enregistrement des commentaires est bas\u00e9 sur votre consentement (art. 6 al. 1 lit. a DSGVO). Vous pouvez r\u00e9voquer \u00e0 tout moment le consentement que vous avez donn\u00e9. \u00c0 cette fin, une communication informelle par courrier \u00e9lectronique nous suffit. La l\u00e9galit\u00e9 des traitements de donn\u00e9es d\u00e9j\u00e0 effectu\u00e9s n&rsquo;est pas affect\u00e9e par la r\u00e9vocation.<\/li>\n\n\n\n<li><\/li>\n<\/ul>\n\n\n\n<h3 class=\"wp-block-heading display-4\">Fichiers journaux du serveur<\/h3>\n\n\n\n<p>Le fournisseur des pages collecte et stocke automatiquement des informations dans des fichiers journaux de serveur, que votre navigateur nous transmet automatiquement. C&rsquo;est le cas : <\/p>\n\n\n\n<ul class=\"wp-block-list\">\n<li>Type et version du navigateur <\/li>\n\n\n\n<li>Syst\u00e8me d&rsquo;exploitation utilis\u00e9 <\/li>\n\n\n\n<li>URL de r\u00e9f\u00e9rence <\/li>\n\n\n\n<li>Nom d&rsquo;h\u00f4te de l&rsquo;ordinateur d&rsquo;acc\u00e8s <\/li>\n\n\n\n<li>Heure de la demande du serveur <\/li>\n\n\n\n<li>Adresse IP<\/li>\n<\/ul>\n\n\n\n<p>Ces donn\u00e9es ne sont pas fusionn\u00e9es avec d&rsquo;autres sources de donn\u00e9es. La base du traitement des donn\u00e9es est l&rsquo;art. 6 al. 1 lettre f DSGVO, qui permet le traitement des donn\u00e9es pour l&rsquo;ex\u00e9cution d&rsquo;un contrat ou de mesures pr\u00e9contractuelles.<\/p>\n\n\n\n<h2 class=\"wp-block-heading display-3\">Utilisation et transmission des donn\u00e9es \u00e0 caract\u00e8re personnel<\/h2>\n\n\n\n<p>Nous utilisons les donn\u00e9es personnelles que vous nous fournissez exclusivement pour l&rsquo;administration technique des pages web et pour r\u00e9pondre \u00e0 vos souhaits et exigences, c&rsquo;est-\u00e0-dire g\u00e9n\u00e9ralement pour la pr\u00e9paration d&rsquo;\u00e9v\u00e9nements, pour traiter un contrat conclu avec vous ou pour r\u00e9pondre \u00e0 votre demande.<br>Vos donn\u00e9es personnelles ne seront pas transmises, vendues ou autrement transf\u00e9r\u00e9es \u00e0 des tiers. <br>Nous adh\u00e9rons aux principes d&rsquo;\u00e9vitement et d&rsquo;\u00e9conomie des donn\u00e9es. Nous  ne conservons donc vos donn\u00e9es personnelles qu&rsquo;aussi longtemps que cela  est n\u00e9cessaire pour atteindre les objectifs \u00e9nonc\u00e9s ici ou que les  diff\u00e9rentes dur\u00e9es de conservation pr\u00e9vues par la loi l&rsquo;exigent. Apr\u00e8s  la cessation de la finalit\u00e9 respective ou l&rsquo;expiration de ces d\u00e9lais,  les donn\u00e9es correspondantes sont syst\u00e9matiquement bloqu\u00e9es ou supprim\u00e9es  conform\u00e9ment aux dispositions l\u00e9gales. <\/p>\n\n\n\n<h2 class=\"wp-block-heading\">Utilisation des cookies<\/h2>\n\n\n\n<p>Nous n&rsquo;utilisons g\u00e9n\u00e9ralement pas de cookies sur nos sites web. On utilise des \u00ab\u00a0cookies de session\u00a0\u00bb qui stockent des donn\u00e9es pour le contr\u00f4le technique de la session dans la m\u00e9moire de votre navigateur. Ces donn\u00e9es ne sont pas personnelles et sont supprim\u00e9es au plus tard lorsque vous fermez votre navigateur. Les cookies ne sont explicitement pas utilis\u00e9s pour analyser votre comportement d&rsquo;utilisation. <br>Si, dans des cas exceptionnels, nous devons \u00e9galement stocker des donn\u00e9es personnelles dans un cookie, nous obtiendrons votre consentement explicite au pr\u00e9alable. En outre, nous tenons \u00e0 souligner que les navigateurs disposent g\u00e9n\u00e9ralement de fonctions pour l&rsquo;administration des cookies. <br>Si vous d\u00e9sactivez les cookies, la fonctionnalit\u00e9 de ce site web peut \u00eatre limit\u00e9e. <\/p>\n\n\n\n<h2 class=\"wp-block-heading\">S\u00e9curit\u00e9<\/h2>\n\n\n\n<p>Nous prenons toutes les mesures de s\u00e9curit\u00e9 techniques et organisationnelles n\u00e9cessaires pour prot\u00e9ger vos donn\u00e9es personnelles contre la perte et l&rsquo;utilisation abusive. Vos donn\u00e9es sont stock\u00e9es dans un environnement d&rsquo;exploitation s\u00e9curis\u00e9 qui n&rsquo;est pas accessible au public. Dans certains cas, vos donn\u00e9es personnelles seront crypt\u00e9es pendant la transmission gr\u00e2ce \u00e0 la technologie dite Secure Socket Layer (SSL). Cela signifie que la communication entre votre ordinateur et nos serveurs s&rsquo;effectue au moyen d&rsquo;une m\u00e9thode de cryptage reconnue si votre navigateur supporte le protocole SSL.<br>Si vous souhaitez nous contacter par courrier \u00e9lectronique, nous vous signalons que la confidentialit\u00e9 des informations transmises n&rsquo;est pas garantie. Le contenu des courriers \u00e9lectroniques peut \u00eatre consult\u00e9 par des tiers.<\/p>\n\n\n\n<h3 class=\"wp-block-heading\">Enfants<\/h3>\n\n\n\n<p>Les personnes \u00e2g\u00e9es de moins de 18 ans ne doivent pas nous transmettre de donn\u00e9es personnelles sans le consentement de leurs parents ou de leurs tuteurs l\u00e9gaux. Nous ne demandons pas de donn\u00e9es personnelles aux enfants, nous ne collectons pas de telles donn\u00e9es et nous ne les transmettons pas \u00e0 des tiers.<\/p>\n\n\n\n<h2 class=\"wp-block-heading display-3\">Vos droits \u00e0 l&rsquo;information, au blocage, \u00e0 la suppression<\/h2>\n\n\n\n<p>Dans le cadre des dispositions l\u00e9gales applicables, vous avez le droit d&rsquo;obtenir gratuitement et \u00e0 tout moment des informations sur les donn\u00e9es \u00e0 caract\u00e8re personnel vous concernant qui sont stock\u00e9es, sur leur origine et leurs destinataires et sur la finalit\u00e9 du traitement des donn\u00e9es et, le cas \u00e9ch\u00e9ant, un droit de rectification, de blocage ou de suppression de ces donn\u00e9es. Vous pouvez supprimer le profil d&rsquo;utilisateur que vous avez cr\u00e9\u00e9 \u00e0 tout moment en cliquant sur \u00ab\u00a0Modifier le profil\u00a0\u00bb. Cela supprimera tous les contenus et commentaires que vous avez publi\u00e9s. <\/p>\n\n\n\n<h2 class=\"wp-block-heading display-3\">Droit au transfer des donn\u00e9es<\/h2>\n\n\n\n<p>Vous avez le droit d&rsquo;obtenir que les donn\u00e9es que nous traitons automatiquement sur la base de votre consentement ou en ex\u00e9cution d&rsquo;un contrat vous soient transmises ou soient transmises \u00e0 un tiers dans un format commun lisible par machine. Si vous demandez le transfert direct des donn\u00e9es \u00e0 une autre personne responsable, celui-ci n&rsquo;aura lieu que dans la mesure o\u00f9 il est techniquement possible.<\/p>\n\n\n\n<h2 class=\"wp-block-heading display-3\">Communication par e-mail<\/h2>\n\n\n\n<p>La communication par courrier \u00e9lectronique peut pr\u00e9senter des lacunes en mati\u00e8re de s\u00e9curit\u00e9. Par exemple, les courriers \u00e9lectroniques en route vers le personnel administratif peuvent \u00eatre intercept\u00e9s et consult\u00e9s par des internautes exp\u00e9riment\u00e9s. Si nous recevons un courrier \u00e9lectronique de votre part, nous supposons que nous sommes en droit de vous r\u00e9pondre par courrier \u00e9lectronique. Dans le cas contraire, vous devez faire express\u00e9ment r\u00e9f\u00e9rence \u00e0 une autre forme de communication. Si vous le souhaitez, nous sommes en mesure de crypter les messages avec des normes de cryptage communes.<br>Les donn\u00e9es que nous recueillons sont n\u00e9cessaires pour traiter votre demande \u00e0 votre satisfaction. <br>Nous utilisons les donn\u00e9es recueillies dans le cadre du formulaire de  contact exclusivement \u00e0 des fins d&rsquo;administration technique et pour  r\u00e9pondre \u00e0 vos questions, souhaits et exigences. Une fois votre demande  trait\u00e9e, les donn\u00e9es seront supprim\u00e9es. <br>Vos donn\u00e9es personnelles ne seront pas transmises, vendues ou autrement transf\u00e9r\u00e9es \u00e0 des tiers. <\/p>\n\n\n\n<h2 class=\"wp-block-heading display-3\">Objection aux courriers publicitaires<\/h2>\n\n\n\n<p>Nous nous opposons par la pr\u00e9sente \u00e0 l&rsquo;utilisation des donn\u00e9es de contact publi\u00e9es dans le cadre de l&rsquo;obligation d&rsquo;impression pour l&rsquo;envoi de mat\u00e9riel publicitaire et d&rsquo;information non express\u00e9ment demand\u00e9. Les exploitants des pages se r\u00e9servent express\u00e9ment le droit d&rsquo;engager des poursuites judiciaires en cas d&rsquo;envoi non sollicit\u00e9 d&rsquo;informations publicitaires, par exemple par le biais de courriers \u00e9lectroniques non sollicit\u00e9s.<\/p>\n\n\n\n<h2 class=\"wp-block-heading display-3\">Droit de r\u00e9voquer la d\u00e9claration de consentement en vertu de la loi sur la protection des donn\u00e9es<\/h2>\n\n\n\n<p>Vous avez le droit de r\u00e9voquer votre d\u00e9claration de consentement \u00e0 la protection des donn\u00e9es \u00e0 tout moment. La r\u00e9vocation du consentement n&rsquo;affecte pas la lic\u00e9it\u00e9 du traitement effectu\u00e9 sur la base du consentement jusqu&rsquo;\u00e0 la r\u00e9vocation.<\/p>\n\n\n\n<h2 class=\"wp-block-heading display-3\">Plug-Ins et Tools<\/h2>\n\n\n\n<h3 class=\"wp-block-heading display-4\">Plug-Ins<\/h3>\n\n\n\n<p>Ce site web utilise des plug-ins pour l&rsquo;affichage. Toutefois, ces derniers ne transf\u00e8rent ni n&rsquo;enregistrent aucune donn\u00e9e personnelle, mais sont uniquement n\u00e9cessaires au fonctionnement technique du site web.<\/p>\n\n\n\n<h3 class=\"wp-block-heading display-4\">Youtube <\/h3>\n\n\n\n<p>Nos sites web utilisent des plug-ins provenant des pages YouTube exploit\u00e9es par Google. L&rsquo;op\u00e9rateur de ces pages est YouTube, LLC, 901 Cherry Ave, San Bruno, CA 94066, USA. <br>Lorsque vous visitez l&rsquo;un de nos sites \u00e9quip\u00e9s d&rsquo;un plug-in YouTube, une  connexion aux serveurs YouTube est \u00e9tablie. Cela indique au serveur  YouTube les pages que vous avez visit\u00e9es. <br>Si vous \u00eates connect\u00e9 \u00e0 votre compte YouTube, vous permettez \u00e0 YouTube  d&rsquo;attribuer votre comportement de navigation directement \u00e0 votre profil  personnel. Vous pouvez \u00e9viter cela en vous d\u00e9connectant de votre compte  YouTube. <br>Pour plus d&rsquo;informations sur la mani\u00e8re dont nous traitons les donn\u00e9es  des utilisateurs, veuillez consulter la politique de confidentialit\u00e9 de  YouTube \u00e0 l&rsquo;adresse suivante :  https:\/\/www.google.de\/intl\/de\/policies\/privacy. <\/p>\n\n\n\n<h3 class=\"wp-block-heading\">Matomo<\/h3>\n\n\n\n<p>Nous utilisons Matomo (anciennement Piwik) pour l&rsquo;analyse des sites web, un service de InnoCraft Ltd, 150 Willis St, 6011 Wellington, Nouvelle-Z\u00e9lande, NZBN 6106769, (\u00ab\u00a0Matomo\u00a0\u00bb) utilisant la technologie des cookies. La protection de vos donn\u00e9es est importante pour nous, c&rsquo;est pourquoi votre adresse IP ne sera stock\u00e9e que de mani\u00e8re anonyme. Il ne nous est pas possible de tirer des conclusions sur votre personne. Vous trouverez de plus amples informations sur les conditions d&rsquo;utilisation et les r\u00e8gles de protection des donn\u00e9es de la Matomo \u00e0 l&rsquo;adresse suivante : https:\/\/matomo.org\/privacy\/ <\/p>\n\n\n\n<p id=\"matomo_opted_out_intro\" style=\"display:none;\">Cookie d&#039;exclusion install\u00e9. Vos visites sur ce site web ne seront PAS enregistr\u00e9es par notre outil d&#039;analyse web. Note\u00a0: si vous nettoyez vos cookies et supprimez le cookie d&#039;exclusion, ou bien si vous changez d&#039;ordinateur et\/ou de navigateur, il vous faudra de nouveau effectuer la proc\u00e9dure d&#039;exclusion.<\/p><p id=\"matomo_opted_in_intro\">Vous pouvez vous opposer au suivi de votre navigation sur ce site web. Cela prot\u00e9gera votre vie priv\u00e9e, mais emp\u00eachera \u00e9galement le propri\u00e9taire d&#039;apprendre de vos actions et de cr\u00e9er une meilleure exp\u00e9rience pour vous et les autres utilisateurs.<\/p><form>\n <input type=\"checkbox\" id=\"matomo_optout_checkbox\" checked=\"checked\"\/>\n <label for=\"matomo_optout_checkbox\"><strong>\n <span id=\"matomo_opted_in_label\">Vous n&#039;\u00eates pas exclu(e). D\u00e9cochez cette case pour vous exclure.<\/span>\n\t\t<span id=\"matomo_opted_out_label\" style=\"display:none;\">Vous n&#039;\u00eates actuellement pas suivi(e). Cochez cette case si vous acceptez d&#039;\u00eatre suivi.<\/span>\n        <\/strong><\/label><\/form><noscript><p><strong style=\"color: #ff0000;\">This opt out feature requires JavaScript.<\/strong><\/p><\/noscript><p id=\"matomo_outout_err_cookies\" style=\"display: none;\"><strong>La fonctionnalit\u00e9 de d\u00e9sactivation du suivi n\u00e9cessite que les cookies soient autoris\u00e9s.<\/strong><\/p>\n\n\n\n<h2 class=\"wp-block-heading display-3\">Droit de recours aupr\u00e8s d&rsquo;une autorit\u00e9 de contr\u00f4le<\/h2>\n\n\n\n<p>Sans pr\u00e9judice de tout autre recours administratif ou judiciaire, vous avez le droit de d\u00e9poser une plainte aupr\u00e8s d&rsquo;une autorit\u00e9 de contr\u00f4le, en particulier dans l&rsquo;\u00c9tat membre o\u00f9 vous r\u00e9sidez, sur votre lieu de travail ou sur le lieu de l&rsquo;infraction pr\u00e9sum\u00e9e, si vous estimez que le traitement des donn\u00e9es \u00e0 caract\u00e8re personnel vous concernant est contraire \u00e0 la  DSGVO.<br>L&rsquo;autorit\u00e9 de contr\u00f4le aupr\u00e8s de laquelle la plainte a \u00e9t\u00e9 d\u00e9pos\u00e9e  informe le plaignant de l&rsquo;\u00e9tat et des r\u00e9sultats de la plainte, y compris  de la possibilit\u00e9 d&rsquo;un recours judiciaire en vertu de l&rsquo;article 78  DSGVO.<br>Pour Rheinland-Pfalz, l&rsquo;autorit\u00e9 de contr\u00f4le est le commissaire du Land pour la protection des donn\u00e9es et la libert\u00e9 d&rsquo;information :  <a rel=\"noreferrer noopener\" href=\"https:\/\/www.datenschutz.rlp.de\/de\/startseite\/\" target=\"_blank\">https:\/\/www.datenschutz.rlp.de\/de\/startseite\/<\/a> <\/p>\n","protected":false},"excerpt":{"rendered":"<p>(Etat en julliet 2025) Nous vous remercions de votre visite sur notre site web et de l&rsquo;int\u00e9r\u00eat que vous portez \u00e0 nos informations. La protection de vos donn\u00e9es personnelles lors du traitement de votre visite sur nos pages est une pr\u00e9occupation importante pour nous et nous voulons que vous vous sentiez en s\u00e9curit\u00e9 ici.Le projet [&hellip;]<\/p>\n","protected":false},"author":7,"featured_media":0,"parent":0,"menu_order":0,"comment_status":"closed","ping_status":"closed","template":"template-privacy-policy.php","meta":{"_acf_changed":false,"footnotes":""},"class_list":["post-814","page","type-page","status-publish","hentry"],"acf":[],"_links":{"self":[{"href":"https:\/\/vitifit.de\/fr\/wp-json\/wp\/v2\/pages\/814","targetHints":{"allow":["GET"]}}],"collection":[{"href":"https:\/\/vitifit.de\/fr\/wp-json\/wp\/v2\/pages"}],"about":[{"href":"https:\/\/vitifit.de\/fr\/wp-json\/wp\/v2\/types\/page"}],"author":[{"embeddable":true,"href":"https:\/\/vitifit.de\/fr\/wp-json\/wp\/v2\/users\/7"}],"replies":[{"embeddable":true,"href":"https:\/\/vitifit.de\/fr\/wp-json\/wp\/v2\/comments?post=814"}],"version-history":[{"count":21,"href":"https:\/\/vitifit.de\/fr\/wp-json\/wp\/v2\/pages\/814\/revisions"}],"predecessor-version":[{"id":2097,"href":"https:\/\/vitifit.de\/fr\/wp-json\/wp\/v2\/pages\/814\/revisions\/2097"}],"wp:attachment":[{"href":"https:\/\/vitifit.de\/fr\/wp-json\/wp\/v2\/media?parent=814"}],"curies":[{"name":"wp","href":"https:\/\/api.w.org\/{rel}","templated":true}]}}